{"id":1570,"date":"2023-01-11T17:12:01","date_gmt":"2023-01-11T17:12:01","guid":{"rendered":"http:\/\/tischla.com\/?page_id=1570"},"modified":"2023-02-03T14:32:55","modified_gmt":"2023-02-03T14:32:55","slug":"kleiderschraenke-garderoben","status":"publish","type":"page","link":"https:\/\/www.tischla.com\/index.php\/kleiderschraenke-garderoben\/","title":{"rendered":"Kleiderschr\u00e4nke und Garderoben"},"content":{"rendered":"\n<p>Ma\u00dfgefertigte Kleiderschr\u00e4nke &#8211; begehbar oder f\u00fcr die kleinste Nische, Garderoben, Hauswirtsschaftsr\u00e4ume und vieles mehr f\u00fcr optimalen Stauraum.  Hier eine Auswahl: <\/p>\n\n\n\nngg_shortcode_0_placeholder\n","protected":false},"excerpt":{"rendered":"<p>Ma\u00dfgefertigte Kleiderschr\u00e4nke &#8211; begehbar oder f\u00fcr die kleinste Nische, Garderoben, Hauswirtsschaftsr\u00e4ume und vieles mehr f\u00fcr optimalen Stauraum. Hier eine Auswahl:<\/p>\n","protected":false},"author":1,"featured_media":1968,"parent":0,"menu_order":0,"comment_status":"closed","ping_status":"closed","template":"","meta":{"ngg_post_thumbnail":0,"footnotes":""},"class_list":["post-1570","page","type-page","status-publish","has-post-thumbnail","hentry"],"_links":{"self":[{"href":"https:\/\/www.tischla.com\/index.php\/wp-json\/wp\/v2\/pages\/1570","targetHints":{"allow":["GET"]}}],"collection":[{"href":"https:\/\/www.tischla.com\/index.php\/wp-json\/wp\/v2\/pages"}],"about":[{"href":"https:\/\/www.tischla.com\/index.php\/wp-json\/wp\/v2\/types\/page"}],"author":[{"embeddable":true,"href":"https:\/\/www.tischla.com\/index.php\/wp-json\/wp\/v2\/users\/1"}],"replies":[{"embeddable":true,"href":"https:\/\/www.tischla.com\/index.php\/wp-json\/wp\/v2\/comments?post=1570"}],"version-history":[{"count":3,"href":"https:\/\/www.tischla.com\/index.php\/wp-json\/wp\/v2\/pages\/1570\/revisions"}],"predecessor-version":[{"id":1954,"href":"https:\/\/www.tischla.com\/index.php\/wp-json\/wp\/v2\/pages\/1570\/revisions\/1954"}],"wp:featuredmedia":[{"embeddable":true,"href":"https:\/\/www.tischla.com\/index.php\/wp-json\/wp\/v2\/media\/1968"}],"wp:attachment":[{"href":"https:\/\/www.tischla.com\/index.php\/wp-json\/wp\/v2\/media?parent=1570"}],"curies":[{"name":"wp","href":"https:\/\/api.w.org\/{rel}","templated":true}]}}