{"id":1704,"date":"2023-01-26T14:53:21","date_gmt":"2023-01-26T14:53:21","guid":{"rendered":"http:\/\/tischla.com\/?page_id=1704"},"modified":"2024-09-18T08:28:36","modified_gmt":"2024-09-18T08:28:36","slug":"ueber-uns","status":"publish","type":"page","link":"https:\/\/www.tischla.com\/index.php\/ueber-uns\/","title":{"rendered":"\u00dcber uns"},"content":{"rendered":"\n<p id=\"block-b42661d4-132a-476f-8825-27a0cecb957d\"><strong>Mit viel Liebe zum Detail entwirft und baut der M\u00f6beldesigner und Tischler Jan Pakull ma\u00dfgefertigte K\u00fcchen und Einbaum\u00f6bel sowie eine kleine Kollektion aus Sofas, Daybeds, R\u00e9camieren und Wandschubladen in seiner Werkstatt in Berlin-Wei\u00dfensee: &#8222;Beste Materialien, sorgf\u00e4ltig von Hand gearbeitet &#8211; so entstehen ehrliche, zeitlose, unverw\u00fcstliche M\u00f6bel.&#8220;<\/strong>&nbsp;<\/p>\n\n\n<div class=\"wp-block-image\">\n<figure class=\"aligncenter size-full is-resized\"><img loading=\"lazy\" decoding=\"async\" src=\"http:\/\/tischla.com\/wp-content\/uploads\/2019\/07\/Jan-Pakull_thumb_custom.jpg\" alt=\"\" class=\"wp-image-414\" width=\"613\" height=\"409\" srcset=\"https:\/\/www.tischla.com\/wp-content\/uploads\/2019\/07\/Jan-Pakull_thumb_custom.jpg 450w, https:\/\/www.tischla.com\/wp-content\/uploads\/2019\/07\/Jan-Pakull_thumb_custom-300x200.jpg 300w\" sizes=\"auto, (max-width: 613px) 100vw, 613px\" \/><\/figure>\n<\/div>\n\n\n<p><\/p>\n\n\n<div class=\"wp-block-image\">\n<figure class=\"aligncenter size-large is-resized\"><img loading=\"lazy\" decoding=\"async\" src=\"http:\/\/tischla.com\/wp-content\/uploads\/2019\/07\/stempel_2-683x1024.jpg\" alt=\"\" class=\"wp-image-639\" width=\"613\" height=\"920\" srcset=\"https:\/\/www.tischla.com\/wp-content\/uploads\/2019\/07\/stempel_2-683x1024.jpg 683w, https:\/\/www.tischla.com\/wp-content\/uploads\/2019\/07\/stempel_2-200x300.jpg 200w, https:\/\/www.tischla.com\/wp-content\/uploads\/2019\/07\/stempel_2-768x1151.jpg 768w, https:\/\/www.tischla.com\/wp-content\/uploads\/2019\/07\/stempel_2.jpg 854w\" sizes=\"auto, (max-width: 613px) 100vw, 613px\" \/><\/figure>\n<\/div>","protected":false},"excerpt":{"rendered":"<p>Mit viel Liebe zum Detail entwirft und baut der M\u00f6beldesigner und Tischler Jan Pakull ma\u00dfgefertigte K\u00fcchen und Einbaum\u00f6bel sowie eine kleine Kollektion aus Sofas, Daybeds, R\u00e9camieren und Wandschubladen in seiner Werkstatt in Berlin-Wei\u00dfensee: &#8222;Beste Materialien,&hellip;<\/p>\n<p class=\"more-link-wrapper\"><a href=\"https:\/\/www.tischla.com\/index.php\/ueber-uns\/\" class=\"more-link\">Continue Reading<span class=\"screen-reader-text\"> &#8222;\u00dcber uns&#8220;<\/span><\/a><\/p>\n","protected":false},"author":1,"featured_media":2083,"parent":0,"menu_order":0,"comment_status":"closed","ping_status":"closed","template":"","meta":{"ngg_post_thumbnail":0,"footnotes":""},"class_list":["post-1704","page","type-page","status-publish","has-post-thumbnail","hentry"],"_links":{"self":[{"href":"https:\/\/www.tischla.com\/index.php\/wp-json\/wp\/v2\/pages\/1704","targetHints":{"allow":["GET"]}}],"collection":[{"href":"https:\/\/www.tischla.com\/index.php\/wp-json\/wp\/v2\/pages"}],"about":[{"href":"https:\/\/www.tischla.com\/index.php\/wp-json\/wp\/v2\/types\/page"}],"author":[{"embeddable":true,"href":"https:\/\/www.tischla.com\/index.php\/wp-json\/wp\/v2\/users\/1"}],"replies":[{"embeddable":true,"href":"https:\/\/www.tischla.com\/index.php\/wp-json\/wp\/v2\/comments?post=1704"}],"version-history":[{"count":11,"href":"https:\/\/www.tischla.com\/index.php\/wp-json\/wp\/v2\/pages\/1704\/revisions"}],"predecessor-version":[{"id":1977,"href":"https:\/\/www.tischla.com\/index.php\/wp-json\/wp\/v2\/pages\/1704\/revisions\/1977"}],"wp:featuredmedia":[{"embeddable":true,"href":"https:\/\/www.tischla.com\/index.php\/wp-json\/wp\/v2\/media\/2083"}],"wp:attachment":[{"href":"https:\/\/www.tischla.com\/index.php\/wp-json\/wp\/v2\/media?parent=1704"}],"curies":[{"name":"wp","href":"https:\/\/api.w.org\/{rel}","templated":true}]}}