{"id":536,"date":"2019-07-12T08:35:04","date_gmt":"2019-07-12T08:35:04","guid":{"rendered":"http:\/\/n2\/?page_id=536"},"modified":"2023-02-08T19:39:10","modified_gmt":"2023-02-08T19:39:10","slug":"kastl","status":"publish","type":"page","link":"https:\/\/www.tischla.com\/index.php\/kastl\/","title":{"rendered":"Wandschubladen und Konsolen"},"content":{"rendered":"\n<p>Unsere handgefertigten Wandschubladen sind vielseitig einsetzbar: ob als eleganter Nachttisch, praktisches Sideboard, Fernsehm\u00f6bel (auf Wunsch mit Rollen), Schl\u00fcsselablage im Flur, Schminktisch oder im Badezimmer. <\/p>\n\n\n\n<p>Front Nussbaumwurzel ge\u00f6lt, Korpus wei\u00df lackiert, innen Kiefer. Limitierte Auflage, Preise auf Anfrage. Lieferung mit Montageset. Ma\u00dfe und Details siehe jeweilige Schublade.<\/p>\n\n\n\n<div class=\"wp-block-columns has-3-columns is-layout-flex wp-container-core-columns-is-layout-9d6595d7 wp-block-columns-is-layout-flex\">\n<div class=\"wp-block-column is-layout-flow wp-block-column-is-layout-flow\">\n<figure class=\"wp-block-image\"><a href=\"http:\/\/tischla.com\/index.php\/Scala\"><img loading=\"lazy\" decoding=\"async\" width=\"300\" height=\"300\" src=\"http:\/\/tischla.com\/wp-content\/uploads\/2019\/07\/Motiv01_01-300x300.jpg\" alt=\"\" class=\"wp-image-340\" srcset=\"https:\/\/www.tischla.com\/wp-content\/uploads\/2019\/07\/Motiv01_01-300x300.jpg 300w, https:\/\/www.tischla.com\/wp-content\/uploads\/2019\/07\/Motiv01_01-150x150.jpg 150w, https:\/\/www.tischla.com\/wp-content\/uploads\/2019\/07\/Motiv01_01-768x768.jpg 768w, https:\/\/www.tischla.com\/wp-content\/uploads\/2019\/07\/Motiv01_01-80x80.jpg 80w, https:\/\/www.tischla.com\/wp-content\/uploads\/2019\/07\/Motiv01_01.jpg 1000w\" sizes=\"auto, (max-width: 300px) 100vw, 300px\" \/><\/a><figcaption class=\"wp-element-caption\"><strong>Scala<\/strong><br>Schubladen-Regalwand, auch einzeln erh\u00e4ltlich<br><br>Viererset, von oben nach unten:<br><a href=\"http:\/\/tischla.com\/index.php\/kastl\/piccolo\/\">Piccolo<\/a> &#8211; <a href=\"http:\/\/tischla.com\/index.php\/Grandezza\">Grandezza<\/a> &#8211; <a href=\"http:\/\/tischla.com\/index.php\/kastl\/trio\/\">Trio<\/a> \u2212 <a href=\"http:\/\/tischla.com\/index.php\/kastl\/duo\/\">Duo<\/a> <br><br><strong>Details siehe jeweilige Schublade <\/strong><br><\/figcaption><\/figure>\n<\/div>\n\n\n\n<div class=\"wp-block-column is-layout-flow wp-block-column-is-layout-flow\">\n<figure class=\"wp-block-image size-full is-resized\"><a href=\"http:\/\/tischla.com\/index.php\/kastl\/piccolo\/\"><img loading=\"lazy\" decoding=\"async\" src=\"http:\/\/tischla.com\/wp-content\/uploads\/2023\/01\/thumbs_Helmi_schmal-1.jpg\" alt=\"\" class=\"wp-image-1919\" width=\"445\" height=\"296\"\/><\/a><figcaption class=\"wp-element-caption\"><strong>Piccolo<\/strong><br>Breite 37 cm Tiefe 28 cm H\u00f6he 17,5 cm<br><br><strong>Material &amp; Fertigung<\/strong><br>Front Nussbaumwurzel ge\u00f6lt, innen Kiefer<br>Korpus wei\u00df lackiert<br>Griff Messing antik<\/figcaption><\/figure>\n<\/div>\n<\/div>\n\n\n\n<div class=\"wp-block-columns has-3-columns is-layout-flex wp-container-core-columns-is-layout-9d6595d7 wp-block-columns-is-layout-flex\">\n<div class=\"wp-block-column is-layout-flow wp-block-column-is-layout-flow\">\n<figure class=\"wp-block-image is-resized\"><a href=\"http:\/\/tischla.com\/index.php\/Grandezza\"><img loading=\"lazy\" decoding=\"async\" src=\"http:\/\/tischla.com\/wp-content\/uploads\/2019\/07\/kotti_2-1-300x300.jpg\" alt=\"\" class=\"wp-image-441\" width=\"268\" height=\"268\" srcset=\"https:\/\/www.tischla.com\/wp-content\/uploads\/2019\/07\/kotti_2-1-300x300.jpg 300w, https:\/\/www.tischla.com\/wp-content\/uploads\/2019\/07\/kotti_2-1-150x150.jpg 150w, https:\/\/www.tischla.com\/wp-content\/uploads\/2019\/07\/kotti_2-1-768x768.jpg 768w, https:\/\/www.tischla.com\/wp-content\/uploads\/2019\/07\/kotti_2-1-80x80.jpg 80w, https:\/\/www.tischla.com\/wp-content\/uploads\/2019\/07\/kotti_2-1.jpg 1000w\" sizes=\"auto, (max-width: 268px) 100vw, 268px\" \/><\/a><figcaption class=\"wp-element-caption\"><strong>Grandezza<\/strong><br>Breite 68 cm Tiefe 28 cm H\u00f6he 17,5 cm<br>\u00a0\u00a0<br><strong>Material &amp; Fertigung<\/strong><br>Front Nussbaumwurzel ge\u00f6lt, innen Kiefer<br>Korpus wei\u00df lackiert<br>Griff Messing antik<br><br><\/figcaption><\/figure>\n<\/div>\n\n\n\n<div class=\"wp-block-column is-layout-flow wp-block-column-is-layout-flow\">\n<figure class=\"wp-block-image size-full is-resized\"><a href=\"http:\/\/tischla.com\/index.php\/kastl\/trio\/\"><img loading=\"lazy\" decoding=\"async\" src=\"http:\/\/tischla.com\/wp-content\/uploads\/2023\/01\/thumbs_nolli.jpg\" alt=\"\" class=\"wp-image-1920\" width=\"402\" height=\"268\"\/><\/a><figcaption class=\"wp-element-caption\"><strong>Trio<\/strong><br>Breite 107 cm Tiefe 28 cm H\u00f6he 17,5 cm<\/figcaption><\/figure>\n\n\n\n<div class=\"wp-block-group\"><div class=\"wp-block-group__inner-container is-layout-constrained wp-block-group-is-layout-constrained\">\n<p><strong>Material &amp; Fertigung<\/strong><br>Front Nussbaumwurzel ge\u00f6lt, innen Kiefer<br>Korpus wei\u00df lackiert<br>drei Schubladen, Innenma\u00df DIN A4<br>Griff Messing antik<\/p>\n<\/div><\/div>\n<\/div>\n<\/div>\n\n\n\n<div class=\"wp-block-columns has-3-columns is-layout-flex wp-container-core-columns-is-layout-9d6595d7 wp-block-columns-is-layout-flex\">\n<div class=\"wp-block-column is-layout-flow wp-block-column-is-layout-flow\">\n<figure class=\"wp-block-image is-resized\"><a href=\"http:\/\/tischla.com\/index.php\/kastl\/duo\/\"><img loading=\"lazy\" decoding=\"async\" src=\"http:\/\/tischla.com\/wp-content\/uploads\/2019\/07\/Stutti-1-300x300.jpg\" alt=\"\" class=\"wp-image-442\" width=\"305\" height=\"305\" srcset=\"https:\/\/www.tischla.com\/wp-content\/uploads\/2019\/07\/Stutti-1-300x300.jpg 300w, https:\/\/www.tischla.com\/wp-content\/uploads\/2019\/07\/Stutti-1-150x150.jpg 150w, https:\/\/www.tischla.com\/wp-content\/uploads\/2019\/07\/Stutti-1-768x768.jpg 768w, https:\/\/www.tischla.com\/wp-content\/uploads\/2019\/07\/Stutti-1-80x80.jpg 80w, https:\/\/www.tischla.com\/wp-content\/uploads\/2019\/07\/Stutti-1.jpg 1000w\" sizes=\"auto, (max-width: 305px) 100vw, 305px\" \/><\/a><figcaption class=\"wp-element-caption\"><strong>Duo <\/strong><br>Breite 134 cm Tiefe 28 cm H\u00f6he 17,5 cm<br>\u00a0\u00a0<br><strong>Material &amp; Fertigung<br><\/strong>Front Nussbaumwurzel ge\u00f6lt, innen Kiefer<br>Korpus wei\u00df lackiert<br>zwei Schubladen, Innenma\u00df DIN A4<br>Griff Messing antik<br><br>\u00a0<\/figcaption><\/figure>\n<\/div>\n\n\n\n<div class=\"wp-block-column is-layout-flow wp-block-column-is-layout-flow\">\n<figure class=\"wp-block-image is-resized\"><a href=\"http:\/\/tischla.com\/index.php\/Twins\"><img loading=\"lazy\" decoding=\"async\" src=\"http:\/\/tischla.com\/wp-content\/uploads\/2019\/07\/Motiv04_4-300x300.jpg\" alt=\"\" class=\"wp-image-369\" width=\"308\" height=\"308\" srcset=\"https:\/\/www.tischla.com\/wp-content\/uploads\/2019\/07\/Motiv04_4-300x300.jpg 300w, https:\/\/www.tischla.com\/wp-content\/uploads\/2019\/07\/Motiv04_4-150x150.jpg 150w, https:\/\/www.tischla.com\/wp-content\/uploads\/2019\/07\/Motiv04_4-768x768.jpg 768w, https:\/\/www.tischla.com\/wp-content\/uploads\/2019\/07\/Motiv04_4-80x80.jpg 80w, https:\/\/www.tischla.com\/wp-content\/uploads\/2019\/07\/Motiv04_4.jpg 1000w\" sizes=\"auto, (max-width: 308px) 100vw, 308px\" \/><\/a><figcaption class=\"wp-element-caption\"><strong>Twins<\/strong><br>Breite 70 cm Tiefe 17,5 cm H\u00f6he 17,5 cm<br>\u00a0<br><strong>Material &amp; Fertigung<\/strong><br>Front Nussbaumwurzel ge\u00f6lt, innen Kiefer<br>Korpus wei\u00df lackiert<br>Auszug beidseitig<br>wei\u00dfer Porzellanknopf<br><br><\/figcaption><\/figure>\n<\/div>\n<\/div>\n\n\n\n<div class=\"wp-block-columns has-3-columns is-layout-flex wp-container-core-columns-is-layout-9d6595d7 wp-block-columns-is-layout-flex\">\n<div class=\"wp-block-column is-layout-flow wp-block-column-is-layout-flow\">\n<figure class=\"wp-block-image\"><a href=\"http:\/\/tischla.com\/index.php\/kastl\/boxi\/\"><img loading=\"lazy\" decoding=\"async\" width=\"300\" height=\"300\" src=\"http:\/\/tischla.com\/wp-content\/uploads\/2019\/07\/Motiv03_01-300x300.jpg\" alt=\"\" class=\"wp-image-350\" srcset=\"https:\/\/www.tischla.com\/wp-content\/uploads\/2019\/07\/Motiv03_01-300x300.jpg 300w, https:\/\/www.tischla.com\/wp-content\/uploads\/2019\/07\/Motiv03_01-150x150.jpg 150w, https:\/\/www.tischla.com\/wp-content\/uploads\/2019\/07\/Motiv03_01-768x768.jpg 768w, https:\/\/www.tischla.com\/wp-content\/uploads\/2019\/07\/Motiv03_01-80x80.jpg 80w, https:\/\/www.tischla.com\/wp-content\/uploads\/2019\/07\/Motiv03_01.jpg 1000w\" sizes=\"auto, (max-width: 300px) 100vw, 300px\" \/><\/a><figcaption class=\"wp-element-caption\"><strong>Boxi<\/strong><br>Breite 36 cm Tiefe 17,5 cm H\u00f6he 17,5 cm<br>\u00a0<br><strong>Material &amp; Fertigung<\/strong><br>Front Nussbaumwurzel ge\u00f6lt, innen Kiefer<br>Korpus wei\u00df lackiert<br>Auszug seitlich<br>wei\u00dfer Porzellanknopf<br><br><\/figcaption><\/figure>\n<\/div>\n\n\n\n<div class=\"wp-block-column is-layout-flow wp-block-column-is-layout-flow\"><\/div>\n<\/div>\n","protected":false},"excerpt":{"rendered":"<p>Unsere handgefertigten Wandschubladen sind vielseitig einsetzbar: ob als eleganter Nachttisch, praktisches Sideboard, Fernsehm\u00f6bel (auf Wunsch mit Rollen), Schl\u00fcsselablage im Flur, Schminktisch oder im Badezimmer. Front Nussbaumwurzel ge\u00f6lt, Korpus wei\u00df lackiert, innen Kiefer. Limitierte Auflage, Preise&hellip;<\/p>\n<p class=\"more-link-wrapper\"><a href=\"https:\/\/www.tischla.com\/index.php\/kastl\/\" class=\"more-link\">Continue Reading<span class=\"screen-reader-text\"> &#8222;Wandschubladen und Konsolen&#8220;<\/span><\/a><\/p>\n","protected":false},"author":1,"featured_media":1969,"parent":0,"menu_order":0,"comment_status":"closed","ping_status":"closed","template":"","meta":{"ngg_post_thumbnail":0,"footnotes":""},"class_list":["post-536","page","type-page","status-publish","has-post-thumbnail","hentry"],"_links":{"self":[{"href":"https:\/\/www.tischla.com\/index.php\/wp-json\/wp\/v2\/pages\/536","targetHints":{"allow":["GET"]}}],"collection":[{"href":"https:\/\/www.tischla.com\/index.php\/wp-json\/wp\/v2\/pages"}],"about":[{"href":"https:\/\/www.tischla.com\/index.php\/wp-json\/wp\/v2\/types\/page"}],"author":[{"embeddable":true,"href":"https:\/\/www.tischla.com\/index.php\/wp-json\/wp\/v2\/users\/1"}],"replies":[{"embeddable":true,"href":"https:\/\/www.tischla.com\/index.php\/wp-json\/wp\/v2\/comments?post=536"}],"version-history":[{"count":64,"href":"https:\/\/www.tischla.com\/index.php\/wp-json\/wp\/v2\/pages\/536\/revisions"}],"predecessor-version":[{"id":2007,"href":"https:\/\/www.tischla.com\/index.php\/wp-json\/wp\/v2\/pages\/536\/revisions\/2007"}],"wp:featuredmedia":[{"embeddable":true,"href":"https:\/\/www.tischla.com\/index.php\/wp-json\/wp\/v2\/media\/1969"}],"wp:attachment":[{"href":"https:\/\/www.tischla.com\/index.php\/wp-json\/wp\/v2\/media?parent=536"}],"curies":[{"name":"wp","href":"https:\/\/api.w.org\/{rel}","templated":true}]}}