{"id":68,"date":"2019-07-08T11:13:52","date_gmt":"2019-07-08T11:13:52","guid":{"rendered":"http:\/\/n2\/?page_id=68"},"modified":"2023-01-31T18:00:48","modified_gmt":"2023-01-31T18:00:48","slug":"nextgen","status":"publish","type":"page","link":"https:\/\/www.tischla.com\/","title":{"rendered":"M\u00f6bel nach Ma\u00df"},"content":{"rendered":"\n<p>Wir planen und bauen ma\u00dfgefertigte K\u00fcchen, Einbauschr\u00e4nke \u2013 auf Wunsch mit integriertem Sofa und Klappbett \u2013 Kleiderschr\u00e4nke, begehbare Schr\u00e4nke, Garderoben, Regale, Bibliotheken, Sofas, Hauswirtschaftsr\u00e4ume, Fernsehm\u00f6bel, Sideboards, Schreibtische, Konsolen, Podeste, Ladeneinrichtungen und Sonderanfertigungen aller Art. Wir schaffen Stauraum, wo Standardma\u00dfe aufh\u00f6ren.<\/p>\n\n\n\n<p>Zudem haben wir eine kleine Kollektion hochwertiger handgefertigter Sofas, Daybeds und R\u00e9camieren entworfen. Wir bieten ausf\u00fchrliche Planung und Beratung, sorgf\u00e4ltige Herstellung, langj\u00e4hrige Erfahrung und unsere Leidenschaft f\u00fcr sch\u00f6ne M\u00f6bel.<\/p>\n\n\n\n<div class=\"wp-block-columns has-3-columns is-layout-flex wp-container-core-columns-is-layout-9d6595d7 wp-block-columns-is-layout-flex\">\n<div class=\"wp-block-column is-layout-flow wp-block-column-is-layout-flow\">\n<figure class=\"wp-block-image size-large\"><a href=\"http:\/\/tischla.com\/index.php\/kuchen\/\"><img loading=\"lazy\" decoding=\"async\" width=\"1024\" height=\"682\" src=\"http:\/\/tischla.com\/wp-content\/uploads\/2023\/01\/thumbnail_Jan-kueche-orginal-klein-1024x682.jpeg\" alt=\"\" class=\"wp-image-1659\" srcset=\"https:\/\/www.tischla.com\/wp-content\/uploads\/2023\/01\/thumbnail_Jan-kueche-orginal-klein-1024x682.jpeg 1024w, https:\/\/www.tischla.com\/wp-content\/uploads\/2023\/01\/thumbnail_Jan-kueche-orginal-klein-300x200.jpeg 300w, https:\/\/www.tischla.com\/wp-content\/uploads\/2023\/01\/thumbnail_Jan-kueche-orginal-klein-768x512.jpeg 768w, https:\/\/www.tischla.com\/wp-content\/uploads\/2023\/01\/thumbnail_Jan-kueche-orginal-klein.jpeg 1280w\" sizes=\"auto, (max-width: 1024px) 100vw, 1024px\" \/><\/a><figcaption class=\"wp-element-caption\">Ma\u00dfgefertigte K\u00fcchen<\/figcaption><\/figure>\n<\/div>\n\n\n\n<div class=\"wp-block-column is-layout-flow wp-block-column-is-layout-flow\">\n<figure class=\"wp-block-image size-large\"><a href=\"http:\/\/tischla.com\/index.php\/regale\/\"><img loading=\"lazy\" decoding=\"async\" width=\"1024\" height=\"682\" src=\"http:\/\/tischla.com\/wp-content\/uploads\/2023\/01\/1_Bibliothek-Woelckpromenade-1-1024x682.jpeg\" alt=\"\" class=\"wp-image-1661\" srcset=\"https:\/\/www.tischla.com\/wp-content\/uploads\/2023\/01\/1_Bibliothek-Woelckpromenade-1-1024x682.jpeg 1024w, https:\/\/www.tischla.com\/wp-content\/uploads\/2023\/01\/1_Bibliothek-Woelckpromenade-1-300x200.jpeg 300w, https:\/\/www.tischla.com\/wp-content\/uploads\/2023\/01\/1_Bibliothek-Woelckpromenade-1-768x512.jpeg 768w, https:\/\/www.tischla.com\/wp-content\/uploads\/2023\/01\/1_Bibliothek-Woelckpromenade-1.jpeg 1280w\" sizes=\"auto, (max-width: 1024px) 100vw, 1024px\" \/><\/a><figcaption class=\"wp-element-caption\">Regale<\/figcaption><\/figure>\n<\/div>\n<\/div>\n\n\n\n<div class=\"wp-block-columns has-3-columns is-layout-flex wp-container-core-columns-is-layout-9d6595d7 wp-block-columns-is-layout-flex\">\n<div class=\"wp-block-column is-layout-flow wp-block-column-is-layout-flow\">\n<figure class=\"wp-block-image size-large\"><a href=\"http:\/\/tischla.com\/index.php\/couchn\/\"><img loading=\"lazy\" decoding=\"async\" width=\"1024\" height=\"683\" src=\"http:\/\/tischla.com\/wp-content\/uploads\/2023\/01\/Chaiselonge-1024x683.jpg\" alt=\"\" class=\"wp-image-1512\" srcset=\"https:\/\/www.tischla.com\/wp-content\/uploads\/2023\/01\/Chaiselonge-1024x683.jpg 1024w, https:\/\/www.tischla.com\/wp-content\/uploads\/2023\/01\/Chaiselonge-300x200.jpg 300w, https:\/\/www.tischla.com\/wp-content\/uploads\/2023\/01\/Chaiselonge-768x512.jpg 768w, https:\/\/www.tischla.com\/wp-content\/uploads\/2023\/01\/Chaiselonge-1536x1024.jpg 1536w, https:\/\/www.tischla.com\/wp-content\/uploads\/2023\/01\/Chaiselonge-2048x1366.jpg 2048w\" sizes=\"auto, (max-width: 1024px) 100vw, 1024px\" \/><\/a><figcaption class=\"wp-element-caption\">Sofas, Daybeds &amp; R\u00e9camieren<\/figcaption><\/figure>\n<\/div>\n\n\n\n<div class=\"wp-block-column is-layout-flow wp-block-column-is-layout-flow\">\n<figure class=\"wp-block-image size-full\"><a href=\"http:\/\/tischla.com\/index.php\/kastl\/\"><img loading=\"lazy\" decoding=\"async\" width=\"450\" height=\"300\" src=\"http:\/\/tischla.com\/wp-content\/uploads\/2023\/01\/Motiv_01_02_2-300x450-1.jpg\" alt=\"\" class=\"wp-image-1689\" srcset=\"https:\/\/www.tischla.com\/wp-content\/uploads\/2023\/01\/Motiv_01_02_2-300x450-1.jpg 450w, https:\/\/www.tischla.com\/wp-content\/uploads\/2023\/01\/Motiv_01_02_2-300x450-1-300x200.jpg 300w\" sizes=\"auto, (max-width: 450px) 100vw, 450px\" \/><\/a><figcaption class=\"wp-element-caption\">Wandschubladen &amp; Konsolen<\/figcaption><\/figure>\n<\/div>\n<\/div>\n","protected":false},"excerpt":{"rendered":"<p>Wir planen und bauen ma\u00dfgefertigte K\u00fcchen, Einbauschr\u00e4nke \u2013 auf Wunsch mit integriertem Sofa und Klappbett \u2013 Kleiderschr\u00e4nke, begehbare Schr\u00e4nke, Garderoben, Regale, Bibliotheken, Sofas, Hauswirtschaftsr\u00e4ume, Fernsehm\u00f6bel, Sideboards, Schreibtische, Konsolen, Podeste, Ladeneinrichtungen und Sonderanfertigungen aller Art. Wir&hellip;<\/p>\n<p class=\"more-link-wrapper\"><a href=\"https:\/\/www.tischla.com\/\" class=\"more-link\">Continue Reading<span class=\"screen-reader-text\"> &#8222;M\u00f6bel nach Ma\u00df&#8220;<\/span><\/a><\/p>\n","protected":false},"author":1,"featured_media":0,"parent":0,"menu_order":0,"comment_status":"closed","ping_status":"closed","template":"","meta":{"ngg_post_thumbnail":0,"footnotes":""},"class_list":["post-68","page","type-page","status-publish","hentry"],"_links":{"self":[{"href":"https:\/\/www.tischla.com\/index.php\/wp-json\/wp\/v2\/pages\/68","targetHints":{"allow":["GET"]}}],"collection":[{"href":"https:\/\/www.tischla.com\/index.php\/wp-json\/wp\/v2\/pages"}],"about":[{"href":"https:\/\/www.tischla.com\/index.php\/wp-json\/wp\/v2\/types\/page"}],"author":[{"embeddable":true,"href":"https:\/\/www.tischla.com\/index.php\/wp-json\/wp\/v2\/users\/1"}],"replies":[{"embeddable":true,"href":"https:\/\/www.tischla.com\/index.php\/wp-json\/wp\/v2\/comments?post=68"}],"version-history":[{"count":104,"href":"https:\/\/www.tischla.com\/index.php\/wp-json\/wp\/v2\/pages\/68\/revisions"}],"predecessor-version":[{"id":1960,"href":"https:\/\/www.tischla.com\/index.php\/wp-json\/wp\/v2\/pages\/68\/revisions\/1960"}],"wp:attachment":[{"href":"https:\/\/www.tischla.com\/index.php\/wp-json\/wp\/v2\/media?parent=68"}],"curies":[{"name":"wp","href":"https:\/\/api.w.org\/{rel}","templated":true}]}}