{"id":697,"date":"2019-07-17T13:52:01","date_gmt":"2019-07-17T13:52:01","guid":{"rendered":"http:\/\/heelios.at\/?page_id=697"},"modified":"2023-02-08T19:44:12","modified_gmt":"2023-02-08T19:44:12","slug":"boxi","status":"publish","type":"page","link":"https:\/\/www.tischla.com\/index.php\/kastl\/boxi\/","title":{"rendered":"Boxi"},"content":{"rendered":"\n<p>Breite 36 cm Tiefe 17,5 cm H\u00f6he 17,5 cm<\/p>\n\n\n\n<p><strong>Material &amp; Fertigung<\/strong><br> Front Nussbaumwurzel ge\u00f6lt, innen Kiefer, Korpus wei\u00df lackiert<br> Auszug seitlich<br> wei\u00dfer Porzellanknopf  <\/p>\n\n\n\n<p>Preis auf Anfrage, Lieferung mit Montageset<\/p>\n\n\n\nngg_shortcode_0_placeholder\n\n\n\n<p><\/p>\n","protected":false},"excerpt":{"rendered":"<p>Breite 36 cm Tiefe 17,5 cm H\u00f6he 17,5 cm Material &amp; Fertigung Front Nussbaumwurzel ge\u00f6lt, innen Kiefer, Korpus wei\u00df lackiert Auszug seitlich wei\u00dfer Porzellanknopf Preis auf Anfrage, Lieferung mit Montageset<\/p>\n","protected":false},"author":1,"featured_media":0,"parent":536,"menu_order":0,"comment_status":"closed","ping_status":"closed","template":"","meta":{"ngg_post_thumbnail":0,"footnotes":""},"class_list":["post-697","page","type-page","status-publish","hentry"],"_links":{"self":[{"href":"https:\/\/www.tischla.com\/index.php\/wp-json\/wp\/v2\/pages\/697","targetHints":{"allow":["GET"]}}],"collection":[{"href":"https:\/\/www.tischla.com\/index.php\/wp-json\/wp\/v2\/pages"}],"about":[{"href":"https:\/\/www.tischla.com\/index.php\/wp-json\/wp\/v2\/types\/page"}],"author":[{"embeddable":true,"href":"https:\/\/www.tischla.com\/index.php\/wp-json\/wp\/v2\/users\/1"}],"replies":[{"embeddable":true,"href":"https:\/\/www.tischla.com\/index.php\/wp-json\/wp\/v2\/comments?post=697"}],"version-history":[{"count":19,"href":"https:\/\/www.tischla.com\/index.php\/wp-json\/wp\/v2\/pages\/697\/revisions"}],"predecessor-version":[{"id":2013,"href":"https:\/\/www.tischla.com\/index.php\/wp-json\/wp\/v2\/pages\/697\/revisions\/2013"}],"up":[{"embeddable":true,"href":"https:\/\/www.tischla.com\/index.php\/wp-json\/wp\/v2\/pages\/536"}],"wp:attachment":[{"href":"https:\/\/www.tischla.com\/index.php\/wp-json\/wp\/v2\/media?parent=697"}],"curies":[{"name":"wp","href":"https:\/\/api.w.org\/{rel}","templated":true}]}}