{"id":746,"date":"2019-07-17T15:12:41","date_gmt":"2019-07-17T15:12:41","guid":{"rendered":"http:\/\/heelios.at\/?page_id=746"},"modified":"2023-02-08T19:41:07","modified_gmt":"2023-02-08T19:41:07","slug":"grandezza","status":"publish","type":"page","link":"https:\/\/www.tischla.com\/index.php\/kastl\/grandezza\/","title":{"rendered":"Grandezza"},"content":{"rendered":"\n<p>Breite 68 cm Tiefe 28 cm H\u00f6he 17,5 cm<\/p>\n\n\n\n<p><strong>Material &amp; Fertigung<\/strong><br> Front Nussbaumwurzel ge\u00f6lt, innen Kiefer, Korpus wei\u00df lackiert<br> Schubladen\u2212Innenma\u00df DIN A3<br> Griff Messing antik<\/p>\n\n\n\n<p>Preis auf Anfrage, Lieferung mit Montageset<\/p>\n\n\n\nngg_shortcode_0_placeholder\n\n\n\n<p><\/p>\n","protected":false},"excerpt":{"rendered":"<p>Breite 68 cm Tiefe 28 cm H\u00f6he 17,5 cm Material &amp; Fertigung Front Nussbaumwurzel ge\u00f6lt, innen Kiefer, Korpus wei\u00df lackiert Schubladen\u2212Innenma\u00df DIN A3 Griff Messing antik Preis auf Anfrage, Lieferung mit Montageset<\/p>\n","protected":false},"author":1,"featured_media":0,"parent":536,"menu_order":0,"comment_status":"closed","ping_status":"closed","template":"","meta":{"ngg_post_thumbnail":0,"footnotes":""},"class_list":["post-746","page","type-page","status-publish","hentry"],"_links":{"self":[{"href":"https:\/\/www.tischla.com\/index.php\/wp-json\/wp\/v2\/pages\/746","targetHints":{"allow":["GET"]}}],"collection":[{"href":"https:\/\/www.tischla.com\/index.php\/wp-json\/wp\/v2\/pages"}],"about":[{"href":"https:\/\/www.tischla.com\/index.php\/wp-json\/wp\/v2\/types\/page"}],"author":[{"embeddable":true,"href":"https:\/\/www.tischla.com\/index.php\/wp-json\/wp\/v2\/users\/1"}],"replies":[{"embeddable":true,"href":"https:\/\/www.tischla.com\/index.php\/wp-json\/wp\/v2\/comments?post=746"}],"version-history":[{"count":14,"href":"https:\/\/www.tischla.com\/index.php\/wp-json\/wp\/v2\/pages\/746\/revisions"}],"predecessor-version":[{"id":2009,"href":"https:\/\/www.tischla.com\/index.php\/wp-json\/wp\/v2\/pages\/746\/revisions\/2009"}],"up":[{"embeddable":true,"href":"https:\/\/www.tischla.com\/index.php\/wp-json\/wp\/v2\/pages\/536"}],"wp:attachment":[{"href":"https:\/\/www.tischla.com\/index.php\/wp-json\/wp\/v2\/media?parent=746"}],"curies":[{"name":"wp","href":"https:\/\/api.w.org\/{rel}","templated":true}]}}