{"id":748,"date":"2019-07-17T15:14:07","date_gmt":"2019-07-17T15:14:07","guid":{"rendered":"http:\/\/heelios.at\/?page_id=748"},"modified":"2023-02-08T19:42:42","modified_gmt":"2023-02-08T19:42:42","slug":"duo","status":"publish","type":"page","link":"https:\/\/www.tischla.com\/index.php\/kastl\/duo\/","title":{"rendered":"Duo"},"content":{"rendered":"\n<p>Breite 134 cm Tiefe 28 cm H\u00f6he 17,5 cm<\/p>\n\n\n\n<p><strong>Material &amp; Fertigung<\/strong><br>Front Nussbaumwurzel ge\u00f6lt, innen Kiefer, Korpus wei\u00df lackiert<br>2 Schubladen, Innenma\u00df DIN A3<br>Griff Messing antik<br>Preis auf Anfrage, Lieferung mit Montageset<\/p>\n\n\n\nngg_shortcode_0_placeholder\n\n\n\n<p><\/p>\n","protected":false},"excerpt":{"rendered":"<p>Breite 134 cm Tiefe 28 cm H\u00f6he 17,5 cm Material &amp; FertigungFront Nussbaumwurzel ge\u00f6lt, innen Kiefer, Korpus wei\u00df lackiert2 Schubladen, Innenma\u00df DIN A3Griff Messing antikPreis auf Anfrage, Lieferung mit Montageset<\/p>\n","protected":false},"author":1,"featured_media":0,"parent":536,"menu_order":0,"comment_status":"closed","ping_status":"closed","template":"","meta":{"ngg_post_thumbnail":0,"footnotes":""},"class_list":["post-748","page","type-page","status-publish","hentry"],"_links":{"self":[{"href":"https:\/\/www.tischla.com\/index.php\/wp-json\/wp\/v2\/pages\/748","targetHints":{"allow":["GET"]}}],"collection":[{"href":"https:\/\/www.tischla.com\/index.php\/wp-json\/wp\/v2\/pages"}],"about":[{"href":"https:\/\/www.tischla.com\/index.php\/wp-json\/wp\/v2\/types\/page"}],"author":[{"embeddable":true,"href":"https:\/\/www.tischla.com\/index.php\/wp-json\/wp\/v2\/users\/1"}],"replies":[{"embeddable":true,"href":"https:\/\/www.tischla.com\/index.php\/wp-json\/wp\/v2\/comments?post=748"}],"version-history":[{"count":14,"href":"https:\/\/www.tischla.com\/index.php\/wp-json\/wp\/v2\/pages\/748\/revisions"}],"predecessor-version":[{"id":2011,"href":"https:\/\/www.tischla.com\/index.php\/wp-json\/wp\/v2\/pages\/748\/revisions\/2011"}],"up":[{"embeddable":true,"href":"https:\/\/www.tischla.com\/index.php\/wp-json\/wp\/v2\/pages\/536"}],"wp:attachment":[{"href":"https:\/\/www.tischla.com\/index.php\/wp-json\/wp\/v2\/media?parent=748"}],"curies":[{"name":"wp","href":"https:\/\/api.w.org\/{rel}","templated":true}]}}