{"id":757,"date":"2019-07-17T15:19:44","date_gmt":"2019-07-17T15:19:44","guid":{"rendered":"http:\/\/heelios.at\/?page_id=757"},"modified":"2023-02-08T19:40:21","modified_gmt":"2023-02-08T19:40:21","slug":"piccolo","status":"publish","type":"page","link":"https:\/\/www.tischla.com\/index.php\/kastl\/piccolo\/","title":{"rendered":"Piccolo"},"content":{"rendered":"\n<p>Breite 37 cm  Tiefe 28 cm  H\u00f6he 17,5 cm<strong> <\/strong><\/p>\n\n\n\n<p><strong>Material &amp; Fertigung<\/strong><br> Front Nussbaumwurzel ge\u00f6lt, innen Kiefer, Korpus wei\u00df lackiert<br> Griff Messing antik<\/p>\n\n\n\n<p>Preis auf Anfrage, Lieferung mit Montageset<\/p>\n\n\n\nngg_shortcode_0_placeholder\n\n\n\n<p><\/p>\n","protected":false},"excerpt":{"rendered":"<p>Breite 37 cm Tiefe 28 cm H\u00f6he 17,5 cm Material &amp; Fertigung Front Nussbaumwurzel ge\u00f6lt, innen Kiefer, Korpus wei\u00df lackiert Griff Messing antik Preis auf Anfrage, Lieferung mit Montageset<\/p>\n","protected":false},"author":1,"featured_media":0,"parent":536,"menu_order":0,"comment_status":"closed","ping_status":"closed","template":"","meta":{"ngg_post_thumbnail":0,"footnotes":""},"class_list":["post-757","page","type-page","status-publish","hentry"],"_links":{"self":[{"href":"https:\/\/www.tischla.com\/index.php\/wp-json\/wp\/v2\/pages\/757","targetHints":{"allow":["GET"]}}],"collection":[{"href":"https:\/\/www.tischla.com\/index.php\/wp-json\/wp\/v2\/pages"}],"about":[{"href":"https:\/\/www.tischla.com\/index.php\/wp-json\/wp\/v2\/types\/page"}],"author":[{"embeddable":true,"href":"https:\/\/www.tischla.com\/index.php\/wp-json\/wp\/v2\/users\/1"}],"replies":[{"embeddable":true,"href":"https:\/\/www.tischla.com\/index.php\/wp-json\/wp\/v2\/comments?post=757"}],"version-history":[{"count":9,"href":"https:\/\/www.tischla.com\/index.php\/wp-json\/wp\/v2\/pages\/757\/revisions"}],"predecessor-version":[{"id":2008,"href":"https:\/\/www.tischla.com\/index.php\/wp-json\/wp\/v2\/pages\/757\/revisions\/2008"}],"up":[{"embeddable":true,"href":"https:\/\/www.tischla.com\/index.php\/wp-json\/wp\/v2\/pages\/536"}],"wp:attachment":[{"href":"https:\/\/www.tischla.com\/index.php\/wp-json\/wp\/v2\/media?parent=757"}],"curies":[{"name":"wp","href":"https:\/\/api.w.org\/{rel}","templated":true}]}}