{"id":823,"date":"2019-07-28T08:39:20","date_gmt":"2019-07-28T08:39:20","guid":{"rendered":"http:\/\/heelios.at\/?page_id=823"},"modified":"2024-09-18T08:14:05","modified_gmt":"2024-09-18T08:14:05","slug":"datenschutz","status":"publish","type":"page","link":"https:\/\/www.tischla.com\/index.php\/datenschutz\/","title":{"rendered":"Datenschutz"},"content":{"rendered":"\n<p class=\"has-huge-font-size\"><strong>Datenschutzerkl\u00e4rung<\/strong><br><\/p>\n\n\n\n<h2 class=\"wp-block-heading\">1. Datenschutz auf einen Blick<\/h2>\n\n\n\n<h3 class=\"wp-block-heading\">Allgemeine Hinweise<\/h3>\n\n\n\n<p>Die folgenden Hinweise geben einen einfachen \n\u00dcberblick dar\u00fcber, was mit Ihren personenbezogenen Daten passiert, wenn \nSie unsere Website besuchen. Personenbezogene Daten sind alle Daten, mit\n denen Sie pers\u00f6nlich identifiziert werden k\u00f6nnen. Ausf\u00fchrliche \nInformationen zum Thema Datenschutz entnehmen Sie unserer unter diesem \nText aufgef\u00fchrten Datenschutzerkl\u00e4rung.<\/p>\n\n\n\n<h3 class=\"wp-block-heading\">Datenerfassung auf unserer Website<\/h3>\n\n\n\n<p><strong>Wer ist verantwortlich f\u00fcr die Datenerfassung auf dieser Website?<\/strong><\/p>\n\n\n\n<p>Die Datenverarbeitung auf dieser Website erfolgt \ndurch den Websitebetreiber. Dessen Kontaktdaten k\u00f6nnen Sie dem Impressum\n dieser Website entnehmen.<\/p>\n\n\n\n<p><strong>Wie&nbsp;<\/strong><strong>erfassen<\/strong><strong>&nbsp;wir Ihre Daten?<\/strong><\/p>\n\n\n\n<p>Ihre Daten werden zum einen dadurch erhoben, dass\n Sie uns diese mitteilen. Hierbei kann es sich z.B. um Daten handeln, \ndie Sie in ein Kontaktformular eingeben.<\/p>\n\n\n\n<p>Andere Daten werden automatisch beim Besuch der \nWebsite durch unsere IT-Systeme erfasst. Das sind vor allem technische \nDaten (z.B. Internetbrowser, Betriebssystem oder Uhrzeit des \nSeitenaufrufs). Die Erfassung dieser Daten erfolgt automatisch, sobald \nSie unsere Website betreten.<\/p>\n\n\n\n<p><strong>Wof\u00fcr nutzen wir Ihre Daten?<\/strong><\/p>\n\n\n\n<p>Ein Teil der Daten wird erhoben, um eine \nfehlerfreie Bereitstellung der Website zu gew\u00e4hrleisten. Andere Daten \nk\u00f6nnen zur Analyse Ihres Nutzerverhaltens verwendet werden.<\/p>\n\n\n\n<p><strong>Welche Rechte haben Sie bez\u00fcglich Ihrer Daten?<\/strong><\/p>\n\n\n\n<p>Sie haben jederzeit das Recht unentgeltlich \nAuskunft \u00fcber Herkunft, Empf\u00e4nger und Zweck Ihrer gespeicherten \npersonenbezogenen Daten zu erhalten. Sie haben au\u00dferdem ein Recht, die \nBerichtigung, Sperrung oder L\u00f6schung dieser Daten zu verlangen. Hierzu \nsowie zu weiteren Fragen zum Thema Datenschutz k\u00f6nnen Sie sich jederzeit\n unter der im Impressum angegebenen Adresse an uns wenden. Des Weiteren \nsteht Ihnen ein Beschwerderecht bei der zust\u00e4ndigen Aufsichtsbeh\u00f6rde zu.<\/p>\n\n\n\n<h3 class=\"wp-block-heading\">Analyse-Tools und Tools von Drittanbietern<\/h3>\n\n\n\n<p>Beim Besuch unserer Website kann Ihr \nSurf-Verhalten statistisch ausgewertet werden. Das geschieht vor allem \nmit Cookies und mit sogenannten Analyseprogrammen. Die Analyse Ihres \nSurf-Verhaltens erfolgt in der Regel anonym; das Surf-Verhalten kann \nnicht zu Ihnen zur\u00fcckverfolgt werden. Sie k\u00f6nnen dieser Analyse \nwidersprechen oder sie durch die Nichtbenutzung bestimmter Tools \nverhindern. Details hierzu entnehmen Sie unserer Datenschutzerkl\u00e4rung \nunter der \u00dcberschrift \u201cDrittmodule und Analysetools\u201d.<\/p>\n\n\n\n<p>Sie k\u00f6nnen dieser Analyse widersprechen. \u00dcber die\n Widerspruchsm\u00f6glichkeiten werden wir Sie in dieser Datenschutzerkl\u00e4rung\n informieren.<\/p>\n\n\n\n<h2 class=\"wp-block-heading\">2. Allgemeine Hinweise und Pflichtinformationen<\/h2>\n\n\n\n<h3 class=\"wp-block-heading\">Datenschutz<\/h3>\n\n\n\n<p>Die Betreiber dieser Seiten nehmen den Schutz \nIhrer pers\u00f6nlichen Daten sehr ernst. Wir behandeln Ihre \npersonenbezogenen Daten vertraulich und entsprechend der gesetzlichen \nDatenschutzvorschriften sowie dieser Datenschutzerkl\u00e4rung.<\/p>\n\n\n\n<p>Wenn Sie diese Website benutzen, werden \nverschiedene personenbezogene Daten erhoben. Personenbezogene Daten sind\n Daten, mit denen Sie pers\u00f6nlich identifiziert werden k\u00f6nnen. Die \nvorliegende Datenschutzerkl\u00e4rung erl\u00e4utert, welche Daten wir erheben und\n wof\u00fcr wir sie nutzen. Sie erl\u00e4utert auch, wie und zu welchem Zweck das \ngeschieht.<\/p>\n\n\n\n<p>Wir weisen darauf hin, dass die Daten\u00fcbertragung \nim Internet (z.B. bei der Kommunikation per E-Mail) Sicherheitsl\u00fccken \naufweisen kann. Ein l\u00fcckenloser Schutz der Daten vor dem Zugriff durch \nDritte ist nicht m\u00f6glich.<\/p>\n\n\n\n<h3 class=\"wp-block-heading\">Hinweis zur verantwortlichen Stelle<\/h3>\n\n\n\n<p>Die verantwortliche Stelle f\u00fcr die Datenverarbeitung auf dieser Website ist:<\/p>\n\n\n\n<p>Jan Pakull<\/p>\n\n\n\n<p>Woelckpromenade 6<\/p>\n\n\n\n<p>13086 Berlin&nbsp;<\/p>\n\n\n\n<p>Telefon +49 152 5891 4567<\/p>\n\n\n\n<p>pakull@tischla.com<\/p>\n\n\n\n<p>www.tischla.com<\/p>\n\n\n\n<p>Verantwortliche Stelle ist die nat\u00fcrliche oder juristische Person, \ndie allein oder gemeinsam mit anderen \u00fcber die Zwecke und Mittel der \nVerarbeitung von personenbezogenen Daten (z.B. Namen, E-Mail-Adressen o.\n \u00c4.) entscheidet.<\/p>\n\n\n\n<h3 class=\"wp-block-heading\">Widerruf Ihrer Einwilligung zur Datenverarbeitung<\/h3>\n\n\n\n<p>Viele Datenverarbeitungsvorg\u00e4nge sind nur mit \nIhrer ausdr\u00fccklichen Einwilligung m\u00f6glich. Sie k\u00f6nnen eine bereits \nerteilte Einwilligung jederzeit widerrufen. Dazu reicht eine formlose \nMitteilung per E-Mail an uns. Die Rechtm\u00e4\u00dfigkeit der bis zum Widerruf \nerfolgten Datenverarbeitung bleibt vom Widerruf unber\u00fchrt.<\/p>\n\n\n\n<h3 class=\"wp-block-heading\">Beschwerderecht bei der zust\u00e4ndigen Aufsichtsbeh\u00f6rde<\/h3>\n\n\n\n<p>Im Falle datenschutzrechtlicher Verst\u00f6\u00dfe \nsteht dem Betroffenen ein Beschwerderecht bei der zust\u00e4ndigen \nAufsichtsbeh\u00f6rde zu. Zust\u00e4ndige Aufsichtsbeh\u00f6rde in \ndatenschutzrechtlichen Fragen ist der Landesdatenschutzbeauftragte des \nBundeslandes, in dem unser Unternehmen seinen Sitz hat. Eine Liste der \nDatenschutzbeauftragten sowie deren Kontaktdaten k\u00f6nnen folgendem Link \nentnommen werden:&nbsp;<a href=\"https:\/\/www.bfdi.bund.de\/DE\/Infothek\/Anschriften_Links\/anschriften_links-node.html\" rel=\"noreferrer noopener\" target=\"_blank\">https:\/\/www.bfdi.bund.de\/DE\/Infothek\/Anschriften_Links\/anschriften_links-node.html<\/a>.<\/p>\n\n\n\n<h3 class=\"wp-block-heading\">Recht auf Daten\u00fcbertragbarkeit<\/h3>\n\n\n\n<p>Sie haben das Recht, Daten, die wir auf Grundlage\n Ihrer Einwilligung oder in Erf\u00fcllung eines Vertrags automatisiert \nverarbeiten, an sich oder an einen Dritten in einem g\u00e4ngigen, \nmaschinenlesbaren Format aush\u00e4ndigen zu lassen. Sofern Sie die direkte \n\u00dcbertragung der Daten an einen anderen Verantwortlichen verlangen, \nerfolgt dies nur, soweit es technisch machbar ist.<\/p>\n\n\n\n<h3 class=\"wp-block-heading\">SSL- bzw. TLS-Verschl\u00fcsselung<\/h3>\n\n\n\n<p>Diese Seite nutzt aus Sicherheitsgr\u00fcnden und zum \nSchutz der \u00dcbertragung vertraulicher Inhalte, wie zum Beispiel \nBestellungen oder Anfragen, die Sie an uns als Seitenbetreiber senden, \neine SSL-bzw. TLS-Verschl\u00fcsselung. Eine verschl\u00fcsselte Verbindung \nerkennen Sie daran, dass die Adresszeile des Browsers von \u201chttp:\/\/\u201d auf \n\u201chttps:\/\/\u201d wechselt und an dem Schloss-Symbol in Ihrer Browserzeile.<\/p>\n\n\n\n<p>Wenn die SSL- bzw. TLS-Verschl\u00fcsselung aktiviert \nist, k\u00f6nnen die Daten, die Sie an uns \u00fcbermitteln, nicht von Dritten \nmitgelesen werden.<\/p>\n\n\n\n<h3 class=\"wp-block-heading\">Auskunft, Sperrung, L\u00f6schung<\/h3>\n\n\n\n<p>Sie haben im Rahmen der geltenden gesetzlichen \nBestimmungen jederzeit das Recht auf unentgeltliche Auskunft \u00fcber Ihre \ngespeicherten personenbezogenen Daten, deren Herkunft und Empf\u00e4nger und \nden Zweck der Datenverarbeitung und ggf. ein Recht auf Berichtigung, \nSperrung oder L\u00f6schung dieser Daten. Hierzu sowie zu weiteren Fragen zum\n Thema personenbezogene Daten k\u00f6nnen Sie sich jederzeit unter der im \nImpressum angegebenen Adresse an uns wenden.<\/p>\n\n\n\n<h3 class=\"wp-block-heading\">Widerspruch gegen Werbe-Mails<\/h3>\n\n\n\n<p>Der Nutzung von im Rahmen der Impressumspflicht \nver\u00f6ffentlichten Kontaktdaten zur \u00dcbersendung von nicht ausdr\u00fccklich \nangeforderter Werbung und Informationsmaterialien wird hiermit \nwidersprochen. Die Betreiber der Seiten behalten sich ausdr\u00fccklich \nrechtliche Schritte im Falle der unverlangten Zusendung von \nWerbeinformationen, etwa durch Spam-E-Mails, vor.<\/p>\n\n\n\n<h2 class=\"wp-block-heading\">3. Datenerfassung auf unserer Website<\/h2>\n\n\n\n<h3 class=\"wp-block-heading\">Cookies<\/h3>\n\n\n\n<p>Die Internetseiten verwenden teilweise so \ngenannte Cookies. Cookies richten auf Ihrem Rechner keinen Schaden an \nund enthalten keine Viren. Cookies dienen dazu, unser Angebot \nnutzerfreundlicher, effektiver und sicherer zu machen. Cookies sind \nkleine Textdateien, die auf Ihrem Rechner abgelegt werden und die Ihr \nBrowser speichert.<\/p>\n\n\n\n<p>Die meisten der von uns verwendeten Cookies sind \nso genannte \u201cSession-Cookies\u201d. Sie werden nach Ende Ihres Besuchs \nautomatisch gel\u00f6scht. Andere Cookies bleiben auf Ihrem Endger\u00e4t \ngespeichert bis Sie diese l\u00f6schen. Diese Cookies erm\u00f6glichen es uns, \nIhren Browser beim n\u00e4chsten Besuch wiederzuerkennen.<\/p>\n\n\n\n<p>Sie k\u00f6nnen Ihren Browser so einstellen, dass Sie \n\u00fcber das Setzen von Cookies informiert werden und Cookies nur im \nEinzelfall erlauben, die Annahme von Cookies f\u00fcr bestimmte F\u00e4lle oder \ngenerell ausschlie\u00dfen sowie das automatische L\u00f6schen der Cookies beim \nSchlie\u00dfen des Browser aktivieren. Bei der Deaktivierung von Cookies kann\n die Funktionalit\u00e4t dieser Website eingeschr\u00e4nkt sein.<\/p>\n\n\n\n<p>Cookies, die zur Durchf\u00fchrung des elektronischen \nKommunikationsvorgangs oder zur Bereitstellung bestimmter, von Ihnen \nerw\u00fcnschter Funktionen (z.B. Warenkorbfunktion) erforderlich sind, \nwerden auf Grundlage von Art. 6 Abs. 1 lit. f DSGVO gespeichert. Der \nWebsitebetreiber hat ein berechtigtes Interesse an der Speicherung von \nCookies zur technisch fehlerfreien und optimierten Bereitstellung seiner\n Dienste. Soweit andere Cookies (z.B. Cookies zur Analyse Ihres \nSurfverhaltens) gespeichert werden, werden diese in dieser \nDatenschutzerkl\u00e4rung gesondert behandelt.<\/p>\n\n\n\n<h3 class=\"wp-block-heading\">Server-Log-Dateien<\/h3>\n\n\n\n<p>Der Provider der Seiten erhebt und speichert \nautomatisch Informationen in so genannten Server-Log-Dateien, die Ihr \nBrowser automatisch an uns \u00fcbermittelt. Dies sind:<\/p>\n\n\n\n<ul class=\"wp-block-list\">\n<li>Browsertyp und Browserversion<\/li>\n\n\n\n<li>verwendetes Betriebssystem<\/li>\n\n\n\n<li>Referrer URL<\/li>\n\n\n\n<li>Hostname des zugreifenden Rechners<\/li>\n\n\n\n<li>Uhrzeit der Serveranfrage<\/li>\n\n\n\n<li>IP-Adresse<\/li>\n<\/ul>\n\n\n\n<p>Eine Zusammenf\u00fchrung dieser Daten mit anderen Datenquellen wird nicht vorgenommen.<\/p>\n\n\n\n<p>Grundlage f\u00fcr die Datenverarbeitung ist Art. 6 \nAbs. 1 lit. b DSGVO, der die Verarbeitung von Daten zur Erf\u00fcllung eines \nVertrags oder vorvertraglicher Ma\u00dfnahmen gestattet.<\/p>\n\n\n\n<h3 class=\"wp-block-heading\">Verarbeiten von Daten (Kunden- und Vertragsdaten)<\/h3>\n\n\n\n<p>Wir erheben, verarbeiten und nutzen \npersonenbezogene Daten nur, soweit sie f\u00fcr die Begr\u00fcndung, inhaltliche \nAusgestaltung oder \u00c4nderung des Rechtsverh\u00e4ltnisses erforderlich sind \n(Bestandsdaten). Dies erfolgt auf Grundlage von Art. 6 Abs. 1 lit. b \nDSGVO, der die Verarbeitung von Daten zur Erf\u00fcllung eines Vertrags oder \nvorvertraglicher Ma\u00dfnahmen gestattet. Personenbezogene Daten \u00fcber die \nInanspruchnahme unserer Internetseiten (Nutzungsdaten) erheben, \nverarbeiten und nutzen wir nur, soweit dies erforderlich ist, um dem \nNutzer die Inanspruchnahme des Dienstes zu erm\u00f6glichen oder abzurechnen.<\/p>\n\n\n\n<p>Die erhobenen Kundendaten werden nach Abschluss \ndes Auftrags oder Beendigung der Gesch\u00e4ftsbeziehung gel\u00f6scht. \nGesetzliche Aufbewahrungsfristen bleiben unber\u00fchrt.<\/p>\n\n\n\n<h3 class=\"wp-block-heading\">Daten\u00fcbermittlung bei Vertragsschluss f\u00fcr Online-Shops, H\u00e4ndler und Warenversand<\/h3>\n\n\n\n<p>Wir \u00fcbermitteln personenbezogene Daten an Dritte \nnur dann, wenn dies im Rahmen der Vertragsabwicklung notwendig ist, etwa\n an die mit der Lieferung der Ware betrauten Unternehmen oder das mit \nder Zahlungsabwicklung beauftragte Kreditinstitut. Eine weitergehende \n\u00dcbermittlung der Daten erfolgt nicht bzw. nur dann, wenn Sie der \n\u00dcbermittlung ausdr\u00fccklich zugestimmt haben. Eine Weitergabe Ihrer Daten \nan Dritte ohne ausdr\u00fcckliche Einwilligung, etwa zu Zwecken der Werbung, \nerfolgt nicht.<\/p>\n\n\n\n<p>Grundlage f\u00fcr die Datenverarbeitung ist Art. 6 \nAbs. 1 lit. b DSGVO, der die Verarbeitung von Daten zur Erf\u00fcllung eines \nVertrags oder vorvertraglicher Ma\u00dfnahmen gestattet.<\/p>\n\n\n\n<h3 class=\"wp-block-heading\">Daten\u00fcbermittlung bei Vertragsschluss f\u00fcr Dienstleistungen und digitale Inhalte<\/h3>\n\n\n\n<p>Wir \u00fcbermitteln personenbezogene Daten an Dritte \nnur dann, wenn dies im Rahmen der Vertragsabwicklung notwendig ist, etwa\n an das mit der Zahlungsabwicklung beauftragte Kreditinstitut.<\/p>\n\n\n\n<p>Eine weitergehende \u00dcbermittlung der Daten erfolgt\n nicht bzw. nur dann, wenn Sie der \u00dcbermittlung ausdr\u00fccklich zugestimmt \nhaben. Eine Weitergabe Ihrer Daten an Dritte ohne ausdr\u00fcckliche \nEinwilligung, etwa zu Zwecken der Werbung, erfolgt nicht.<\/p>\n\n\n\n<p>Grundlage f\u00fcr die Datenverarbeitung ist Art. 6 \nAbs. 1 lit. b DSGVO, der die Verarbeitung von Daten zur Erf\u00fcllung eines \nVertrags oder vorvertraglicher Ma\u00dfnahmen gestattet.<\/p>\n\n\n\n<h2 class=\"wp-block-heading\">4. Soziale Medien<\/h2>\n\n\n\n<h2 class=\"wp-block-heading\">5. Analyse Tools und Werbung<\/h2>\n\n\n\n<h2 class=\"wp-block-heading\">6. Newsletter<\/h2>\n\n\n\n<h2 class=\"wp-block-heading\">7. Plugins und Tools<\/h2>\n\n\n\n<h3 class=\"wp-block-heading\">Google Web Fonts<\/h3>\n\n\n\n<p>Diese Seite nutzt zur einheitlichen Darstellung \nvon Schriftarten so genannte Web Fonts, die von Google bereitgestellt \nwerden. Beim Aufruf einer Seite l\u00e4dt Ihr Browser die ben\u00f6tigten Web \nFonts in ihren Browsercache, um Texte und Schriftarten korrekt \nanzuzeigen.<\/p>\n\n\n\n<p>Zu diesem Zweck muss der von Ihnen verwendete \nBrowser Verbindung zu den Servern von Google aufnehmen. Hierdurch \nerlangt Google Kenntnis dar\u00fcber, dass \u00fcber Ihre IP-Adresse unsere \nWebsite aufgerufen wurde. Die Nutzung von Google Web Fonts erfolgt im \nInteresse einer einheitlichen und ansprechenden Darstellung unserer \nOnline-Angebote. Dies stellt ein berechtigtes Interesse im Sinne von \nArt. 6 Abs. 1 lit. f DSGVO dar.<\/p>\n\n\n\n<p>Wenn Ihr Browser Web Fonts nicht unterst\u00fctzt, wird eine Standardschrift von Ihrem Computer genutzt.<\/p>\n\n\n\n<p>Weitere Informationen zu Google Web Fonts finden Sie unter&nbsp;<a href=\"https:\/\/developers.google.com\/fonts\/faq\" rel=\"noreferrer noopener\" target=\"_blank\">https:\/\/developers.google.com\/fonts\/faq<\/a>&nbsp;und in der Datenschutzerkl\u00e4rung von Google:&nbsp;<a href=\"https:\/\/www.google.com\/policies\/privacy\/\" rel=\"noreferrer noopener\" target=\"_blank\">https:\/\/www.google.com\/policies\/privacy\/<\/a>.<\/p>\n\n\n\n<h3 class=\"wp-block-heading\">Google Maps<\/h3>\n\n\n\n<p>Diese Seite nutzt \u00fcber eine API den Kartendienst \nGoogle Maps. Anbieter ist die Google Inc., 1600 Amphitheatre Parkway, \nMountain View, CA 94043, USA.<\/p>\n\n\n\n<p>Zur Nutzung der Funktionen von Google Maps ist es\n notwendig, Ihre IP Adresse zu speichern. Diese Informationen werden in \nder Regel an einen Server von Google in den USA \u00fcbertragen und dort \ngespeichert. Der Anbieter dieser Seite hat keinen Einfluss auf diese \nDaten\u00fcbertragung.<\/p>\n\n\n\n<p>Die Nutzung von Google Maps erfolgt im Interesse \neiner ansprechenden Darstellung unserer Online-Angebote und an einer \nleichten Auffindbarkeit der von uns auf der Website angegebenen Orte. \nDies stellt ein berechtigtes Interesse im Sinne von Art. 6 Abs. 1 lit. f\n DSGVO dar.<\/p>\n\n\n\n<p>Mehr Informationen zum Umgang mit Nutzerdaten finden Sie in der Datenschutzerkl\u00e4rung von Google:&nbsp;<a href=\"https:\/\/www.google.de\/intl\/de\/policies\/privacy\/\" rel=\"noreferrer noopener\" target=\"_blank\">https:\/\/www.google.de\/intl\/de\/policies\/privacy\/<\/a>.<\/p>\n","protected":false},"excerpt":{"rendered":"<p>Datenschutzerkl\u00e4rung 1. Datenschutz auf einen Blick Allgemeine Hinweise Die folgenden Hinweise geben einen einfachen \u00dcberblick dar\u00fcber, was mit Ihren personenbezogenen Daten passiert, wenn Sie unsere Website besuchen. Personenbezogene Daten sind alle Daten, mit denen Sie&hellip;<\/p>\n<p class=\"more-link-wrapper\"><a href=\"https:\/\/www.tischla.com\/index.php\/datenschutz\/\" class=\"more-link\">Continue Reading<span class=\"screen-reader-text\"> &#8222;Datenschutz&#8220;<\/span><\/a><\/p>\n","protected":false},"author":1,"featured_media":0,"parent":0,"menu_order":0,"comment_status":"closed","ping_status":"closed","template":"","meta":{"ngg_post_thumbnail":0,"footnotes":""},"class_list":["post-823","page","type-page","status-publish","hentry"],"_links":{"self":[{"href":"https:\/\/www.tischla.com\/index.php\/wp-json\/wp\/v2\/pages\/823","targetHints":{"allow":["GET"]}}],"collection":[{"href":"https:\/\/www.tischla.com\/index.php\/wp-json\/wp\/v2\/pages"}],"about":[{"href":"https:\/\/www.tischla.com\/index.php\/wp-json\/wp\/v2\/types\/page"}],"author":[{"embeddable":true,"href":"https:\/\/www.tischla.com\/index.php\/wp-json\/wp\/v2\/users\/1"}],"replies":[{"embeddable":true,"href":"https:\/\/www.tischla.com\/index.php\/wp-json\/wp\/v2\/comments?post=823"}],"version-history":[{"count":3,"href":"https:\/\/www.tischla.com\/index.php\/wp-json\/wp\/v2\/pages\/823\/revisions"}],"predecessor-version":[{"id":2081,"href":"https:\/\/www.tischla.com\/index.php\/wp-json\/wp\/v2\/pages\/823\/revisions\/2081"}],"wp:attachment":[{"href":"https:\/\/www.tischla.com\/index.php\/wp-json\/wp\/v2\/media?parent=823"}],"curies":[{"name":"wp","href":"https:\/\/api.w.org\/{rel}","templated":true}]}}