{"id":833,"date":"2019-07-29T06:04:40","date_gmt":"2019-07-29T06:04:40","guid":{"rendered":"http:\/\/heelios.at\/?page_id=833"},"modified":"2023-08-24T07:46:11","modified_gmt":"2023-08-24T07:46:11","slug":"kuchen","status":"publish","type":"page","link":"https:\/\/www.tischla.com\/index.php\/kuchen\/","title":{"rendered":"Ma\u00dfgefertigte K\u00fcchen"},"content":{"rendered":"\n<p><strong>Profi-K\u00fcchen nach Ma\u00df f\u00fcr Ihr Zuhause<\/strong><\/p>\n\n\n\n<p class=\"has-text-align-left\">Ob nach Ihrem Entwurf&nbsp;oder gemeinsam mit dem Tischler geplant: wir bauen die K\u00fcche genau nach Ihren Vorstellungen, stimmen Arbeitswege und Schrankinnenausstattung individuell auf Ihre Bed\u00fcrfnisse ab. Wo Standardma\u00dfe aufh\u00f6ren, schaffen wir zus\u00e4tzlichen Stauraum. Zudem bringen wir die funktionalen Vorteile von Profik\u00fcchen in Ihre Wohnk\u00fcche: unsere ma\u00dfgefertigten Edelstahl-Arbeitsplatten aus der Gastronomieausstattung sind besonders hygienisch und unempfindlich, die fugenlos eingelassenen Sp\u00fclbecken gro\u00df und tief genug f\u00fcr T\u00f6pfe und Backbleche. Alternativ bieten wir massive Arbeitsplatten aus Vollholz an. Anders als bei den meisten K\u00fcchenherstellern besteht unser Korpus nicht aus Spanplatte, sondern aus stabilen wei\u00dfen Birken-Multiplex-Platten. Die K\u00fcchenfronten sind in vielen Farben erh\u00e4ltlich. Wir arbeiten ausschlie\u00dflich mit hochwertigen, unempfindlichen, langlebigen Materialien. <\/p>\n\n\n\n<p><strong>Hier eine Auswahl:<\/strong><\/p>\n\n\n\nngg_shortcode_0_placeholder\n","protected":false},"excerpt":{"rendered":"<p>Profi-K\u00fcchen nach Ma\u00df f\u00fcr Ihr Zuhause Ob nach Ihrem Entwurf&nbsp;oder gemeinsam mit dem Tischler geplant: wir bauen die K\u00fcche genau nach Ihren Vorstellungen, stimmen Arbeitswege und Schrankinnenausstattung individuell auf Ihre Bed\u00fcrfnisse ab. Wo Standardma\u00dfe aufh\u00f6ren,&hellip;<\/p>\n<p class=\"more-link-wrapper\"><a href=\"https:\/\/www.tischla.com\/index.php\/kuchen\/\" class=\"more-link\">Continue Reading<span class=\"screen-reader-text\"> &#8222;Ma\u00dfgefertigte K\u00fcchen&#8220;<\/span><\/a><\/p>\n","protected":false},"author":1,"featured_media":1970,"parent":0,"menu_order":0,"comment_status":"closed","ping_status":"closed","template":"","meta":{"ngg_post_thumbnail":0,"footnotes":""},"class_list":["post-833","page","type-page","status-publish","has-post-thumbnail","hentry"],"_links":{"self":[{"href":"https:\/\/www.tischla.com\/index.php\/wp-json\/wp\/v2\/pages\/833","targetHints":{"allow":["GET"]}}],"collection":[{"href":"https:\/\/www.tischla.com\/index.php\/wp-json\/wp\/v2\/pages"}],"about":[{"href":"https:\/\/www.tischla.com\/index.php\/wp-json\/wp\/v2\/types\/page"}],"author":[{"embeddable":true,"href":"https:\/\/www.tischla.com\/index.php\/wp-json\/wp\/v2\/users\/1"}],"replies":[{"embeddable":true,"href":"https:\/\/www.tischla.com\/index.php\/wp-json\/wp\/v2\/comments?post=833"}],"version-history":[{"count":42,"href":"https:\/\/www.tischla.com\/index.php\/wp-json\/wp\/v2\/pages\/833\/revisions"}],"predecessor-version":[{"id":2075,"href":"https:\/\/www.tischla.com\/index.php\/wp-json\/wp\/v2\/pages\/833\/revisions\/2075"}],"wp:featuredmedia":[{"embeddable":true,"href":"https:\/\/www.tischla.com\/index.php\/wp-json\/wp\/v2\/media\/1970"}],"wp:attachment":[{"href":"https:\/\/www.tischla.com\/index.php\/wp-json\/wp\/v2\/media?parent=833"}],"curies":[{"name":"wp","href":"https:\/\/api.w.org\/{rel}","templated":true}]}}